{"id":2020,"date":"2025-11-21T08:52:14","date_gmt":"2025-11-21T08:52:14","guid":{"rendered":"https:\/\/www.gazteakon.eus\/ediciones-anteriores\/"},"modified":"2026-02-09T12:32:56","modified_gmt":"2026-02-09T12:32:56","slug":"ediciones-anteriores","status":"publish","type":"page","link":"https:\/\/www.gazteakon.eus\/es\/ediciones-anteriores\/","title":{"rendered":"EDICIONES ANTERIORES"},"content":{"rendered":"<p>[et_pb_section fb_built=\u00bb1&#8243; custom_padding_last_edited=\u00bbon|phone\u00bb _builder_version=\u00bb4.27.4&#8243; _module_preset=\u00bbdefault\u00bb background_image=\u00bbhttps:\/\/www.gazteakon.eus\/wp-content\/uploads\/2024\/09\/guy-5045479-2-scaled.jpg\u00bb height_tablet=\u00bb\u00bb height_phone=\u00bb5vh\u00bb height_last_edited=\u00bbon|phone\u00bb max_height=\u00bb365px\u00bb custom_margin=\u00bb36px||||false|false\u00bb custom_padding=\u00bb117px||||false|false\u00bb custom_padding_tablet=\u00bb111px|||||\u00bb custom_padding_phone=\u00bb0px||||false|false\u00bb border_width_bottom=\u00bb4px\u00bb border_color_bottom=\u00bb#C03D1F\u00bb locked=\u00bboff\u00bb global_colors_info=\u00bb{}\u00bb][\/et_pb_section][et_pb_section fb_built=\u00bb1&#8243; _builder_version=\u00bb4.27.4&#8243; _module_preset=\u00bbdefault\u00bb background_color=\u00bb#112B4C\u00bb custom_padding=\u00bb5px|||||\u00bb locked=\u00bboff\u00bb collapsed=\u00bboff\u00bb global_colors_info=\u00bb{}\u00bb][et_pb_row _builder_version=\u00bb4.27.4&#8243; _module_preset=\u00bbdefault\u00bb max_width=\u00bb1920px\u00bb custom_padding=\u00bb||11px|||\u00bb global_colors_info=\u00bb{}\u00bb][et_pb_column type=\u00bb4_4&#8243; _builder_version=\u00bb4.27.4&#8243; _module_preset=\u00bbdefault\u00bb global_colors_info=\u00bb{}\u00bb][et_pb_text _builder_version=\u00bb4.27.4&#8243; _module_preset=\u00bbdefault\u00bb text_text_color=\u00bb#FFFFFF\u00bb header_text_color=\u00bb#FFFFFF\u00bb header_2_text_color=\u00bb#FFFFFF\u00bb header_3_text_color=\u00bb#FFFFFF\u00bb header_3_font_size=\u00bb20px\u00bb width=\u00bb100%\u00bb global_colors_info=\u00bb{}\u00bb]<\/p>\n<h2><b>GAZTEAK ON 2025<\/b><\/h2>\n<p><b><\/b><\/p>\n<p>Los proyectos premiados en el reto 2025 fueron:<\/p>\n<p>[\/et_pb_text][\/et_pb_column][\/et_pb_row][et_pb_row column_structure=\u00bb1_5,1_5,1_5,1_5,1_5&#8243; use_custom_gutter=\u00bbon\u00bb gutter_width=\u00bb1&#8243; make_equal=\u00bbon\u00bb _builder_version=\u00bb4.27.4&#8243; _module_preset=\u00bbdefault\u00bb positioning=\u00bbfixed\u00bb position_origin_a=\u00bbtop_center\u00bb position_origin_f=\u00bbtop_center\u00bb vertical_offset=\u00bb85vh\u00bb z_index=\u00bb5&#8243; vertical_offset_tablet=\u00bb85vh\u00bb vertical_offset_phone=\u00bb65vh\u00bb vertical_offset_last_edited=\u00bbon|phone\u00bb position_origin_a_tablet=\u00bbtop_center\u00bb position_origin_a_phone=\u00bbtop_center\u00bb position_origin_a_last_edited=\u00bbon|phone\u00bb position_origin_f_tablet=\u00bbtop_center\u00bb position_origin_f_phone=\u00bbtop_center\u00bb position_origin_f_last_edited=\u00bbon|phone\u00bb position_origin_r_tablet=\u00bb\u00bb position_origin_r_phone=\u00bb\u00bb position_origin_r_last_edited=\u00bbon|phone\u00bb width=\u00bb100%\u00bb width_tablet=\u00bb100%\u00bb width_phone=\u00bb100%\u00bb width_last_edited=\u00bbon|phone\u00bb max_width=\u00bb100%\u00bb height=\u00bb90px\u00bb height_tablet=\u00bb90px\u00bb height_phone=\u00bb\u00bb height_last_edited=\u00bbon|phone\u00bb custom_margin=\u00bb|auto||auto|false|false\u00bb custom_margin_tablet=\u00bb0px||||false|false\u00bb custom_margin_last_edited=\u00bboff|desktop\u00bb custom_padding=\u00bb0px||0px||true|false\u00bb hover_enabled=\u00bb0&#8243; positioning_tablet=\u00bbfixed\u00bb positioning_phone=\u00bbfixed\u00bb positioning_last_edited=\u00bbon|phone\u00bb border_style_all=\u00bbnone\u00bb box_shadow_style=\u00bbpreset1&#8243; locked=\u00bboff\u00bb global_colors_info=\u00bb{}\u00bb sticky_enabled=\u00bb0&#8243;][et_pb_column type=\u00bb1_5&#8243; _builder_version=\u00bb4.27.4&#8243; _module_preset=\u00bbdefault\u00bb background_color=\u00bb#112B4C\u00bb background_enable_image=\u00bboff\u00bb background_size=\u00bbinitial\u00bb background_position=\u00bbtop_left\u00bb background_repeat=\u00bbrepeat-x\u00bb custom_padding=\u00bb30px|30px|30px|30px|true|true\u00bb custom_padding_tablet=\u00bb40px|20px|20px|20px|false|true\u00bb custom_padding_phone=\u00bb5px|20px|5px|20px|true|true\u00bb custom_padding_last_edited=\u00bbon|desktop\u00bb link_option_url=\u00bbhttps:\/\/www.gazteakon.eus\/es\/#inicio\u00bb global_colors_info=\u00bb{}\u00bb][et_pb_text _builder_version=\u00bb4.27.4&#8243; _module_preset=\u00bb38128ce4-78a8-4c45-b3ff-f4fb37f074f0&#8243; header_font=\u00bb||||||||\u00bb header_4_font=\u00bb&#8211;et_global_body_font|500|||||||\u00bb header_4_text_color=\u00bb#FFFFFF\u00bb header_4_line_height=\u00bb1.5em\u00bb custom_padding=\u00bb0px||0px||false|false\u00bb header_4_font_size_tablet=\u00bb16px\u00bb header_4_font_size_phone=\u00bb14px\u00bb header_4_font_size_last_edited=\u00bbon|desktop\u00bb locked=\u00bboff\u00bb global_colors_info=\u00bb{}\u00bb header_4_font_size__hover_enabled=\u00bbon|hover\u00bb header_4_font_size__hover=\u00bb16px\u00bb]<\/p>\n<h4 style=\"text-align: center;\">INICIO<\/h4>\n<p>[\/et_pb_text][\/et_pb_column][et_pb_column type=\u00bb1_5&#8243; _builder_version=\u00bb4.27.4&#8243; _module_preset=\u00bbdefault\u00bb background_color=\u00bb#BBBBCC\u00bb background_enable_image=\u00bboff\u00bb background_size=\u00bbinitial\u00bb background_position=\u00bbtop_left\u00bb background_repeat=\u00bbrepeat-x\u00bb custom_padding=\u00bb30px|30px|30px|30px|true|true\u00bb custom_padding_tablet=\u00bb40px|20px|20px|20px|false|true\u00bb custom_padding_phone=\u00bb5px|20px|5px|20px|true|true\u00bb custom_padding_last_edited=\u00bbon|desktop\u00bb link_option_url=\u00bbhttps:\/\/www.gazteakon.eus\/es\/bases\/\u00bb global_colors_info=\u00bb{}\u00bb][et_pb_text _builder_version=\u00bb4.27.4&#8243; _module_preset=\u00bb38128ce4-78a8-4c45-b3ff-f4fb37f074f0&#8243; header_font=\u00bb||||||||\u00bb header_4_font=\u00bb&#8211;et_global_body_font|500|||||||\u00bb header_4_text_color=\u00bb#FFFFFF\u00bb header_4_line_height=\u00bb1.5em\u00bb custom_margin=\u00bb0px||0px||false|false\u00bb custom_padding=\u00bb0px||0px||false|false\u00bb header_4_font_size_tablet=\u00bb16px\u00bb header_4_font_size_phone=\u00bb14px\u00bb header_4_font_size_last_edited=\u00bbon|desktop\u00bb locked=\u00bboff\u00bb global_colors_info=\u00bb{}\u00bb header_4_font_size__hover=\u00bb16px\u00bb header_4_font_size__hover_enabled=\u00bbon|hover\u00bb]<\/p>\n<h4 style=\"text-align: center;\">PROCESO<\/h4>\n<p>[\/et_pb_text][\/et_pb_column][et_pb_column type=\u00bb1_5&#8243; _builder_version=\u00bb4.27.4&#8243; _module_preset=\u00bbdefault\u00bb background_color=\u00bb#66943C\u00bb background_enable_image=\u00bboff\u00bb background_size=\u00bbinitial\u00bb background_position=\u00bbtop_left\u00bb background_repeat=\u00bbrepeat-x\u00bb custom_padding=\u00bb30px|30px|30px|30px|true|true\u00bb custom_padding_tablet=\u00bb40px|20px|20px|20px|false|true\u00bb custom_padding_phone=\u00bb5px|20px|5px|20px|true|true\u00bb custom_padding_last_edited=\u00bbon|desktop\u00bb link_option_url=\u00bbhttps:\/\/www.gazteakon.eus\/wp-content\/uploads\/2025\/11\/GAZTEAK-ON-Bases-del-Concurso-25-26.pdf\u00bb link_option_url_new_window=\u00bbon\u00bb global_colors_info=\u00bb{}\u00bb][et_pb_text _builder_version=\u00bb4.27.4&#8243; _module_preset=\u00bb38128ce4-78a8-4c45-b3ff-f4fb37f074f0&#8243; header_font=\u00bb||||||||\u00bb header_4_font=\u00bb&#8211;et_global_body_font|500|||||||\u00bb header_4_text_color=\u00bb#FFFFFF\u00bb header_4_line_height=\u00bb1.5em\u00bb header_4_font_size_tablet=\u00bb16px\u00bb header_4_font_size_phone=\u00bb14px\u00bb header_4_font_size_last_edited=\u00bbon|desktop\u00bb locked=\u00bboff\u00bb global_colors_info=\u00bb{}\u00bb header_4_font_size__hover=\u00bb16px\u00bb header_4_font_size__hover_enabled=\u00bbon|hover\u00bb]<\/p>\n<h4 style=\"text-align: center;\">DESCARGA LAS BASES<\/h4>\n<p>[\/et_pb_text][\/et_pb_column][et_pb_column type=\u00bb1_5&#8243; _builder_version=\u00bb4.27.4&#8243; _module_preset=\u00bbdefault\u00bb background_color=\u00bb#C03D1F\u00bb background_enable_image=\u00bboff\u00bb background_size=\u00bbinitial\u00bb background_position=\u00bbtop_left\u00bb background_repeat=\u00bbrepeat-x\u00bb custom_padding=\u00bb30px|30px|30px|30px|true|true\u00bb custom_padding_tablet=\u00bb40px|20px|20px|20px|false|true\u00bb custom_padding_phone=\u00bb5px|20px|5px|20px|true|true\u00bb custom_padding_last_edited=\u00bbon|desktop\u00bb link_option_url=\u00bbhttps:\/\/www.gazteakon.eus\/es\/ediciones-anteriores\/\u00bb global_colors_info=\u00bb{}\u00bb][et_pb_text _builder_version=\u00bb4.27.4&#8243; _module_preset=\u00bb38128ce4-78a8-4c45-b3ff-f4fb37f074f0&#8243; header_font=\u00bb||||||||\u00bb header_4_font=\u00bb&#8211;et_global_body_font|500|||||||\u00bb header_4_text_color=\u00bb#FFFFFF\u00bb header_4_line_height=\u00bb1.5em\u00bb header_4_font_size_tablet=\u00bb16px\u00bb header_4_font_size_phone=\u00bb14px\u00bb header_4_font_size_last_edited=\u00bbon|desktop\u00bb locked=\u00bboff\u00bb global_colors_info=\u00bb{}\u00bb header_4_font_size__hover=\u00bb16px\u00bb header_4_font_size__hover_enabled=\u00bbon|hover\u00bb]<\/p>\n<h4 style=\"text-align: center;\">EDICIONES ANTERIORES<\/h4>\n<p>[\/et_pb_text][\/et_pb_column][et_pb_column type=\u00bb1_5&#8243; _builder_version=\u00bb4.27.4&#8243; _module_preset=\u00bbdefault\u00bb background_color=\u00bb#204A22&#8243; background_enable_image=\u00bboff\u00bb background_size=\u00bbinitial\u00bb background_position=\u00bbtop_left\u00bb background_repeat=\u00bbrepeat-x\u00bb custom_padding=\u00bb30px|30px|30px|30px|true|true\u00bb custom_padding_tablet=\u00bb40px|20px|20px|20px|false|true\u00bb custom_padding_phone=\u00bb5px|20px|5px|20px|true|true\u00bb custom_padding_last_edited=\u00bbon|desktop\u00bb link_option_url=\u00bbhttps:\/\/www.gazteakon.eus\/es\/saber-mas\/\u00bb hover_enabled=\u00bb0&#8243; global_colors_info=\u00bb{}\u00bb sticky_enabled=\u00bb0&#8243;][et_pb_text _builder_version=\u00bb4.27.0&#8243; _module_preset=\u00bb38128ce4-78a8-4c45-b3ff-f4fb37f074f0&#8243; header_font=\u00bb||||||||\u00bb header_4_font=\u00bb&#8211;et_global_body_font|500|||||||\u00bb header_4_text_color=\u00bb#FFFFFF\u00bb header_4_line_height=\u00bb1.5em\u00bb header_4_font_size_tablet=\u00bb16px\u00bb header_4_font_size_phone=\u00bb14px\u00bb header_4_font_size_last_edited=\u00bbon|desktop\u00bb locked=\u00bboff\u00bb global_colors_info=\u00bb{}\u00bb header_4_font_size__hover=\u00bb16px\u00bb header_4_font_size__hover_enabled=\u00bbon|hover\u00bb]<\/p>\n<h4 style=\"text-align: center;\">SABER M\u00c1S<\/h4>\n<p>[\/et_pb_text][et_pb_text _builder_version=\u00bb4.27.0&#8243; _module_preset=\u00bb38128ce4-78a8-4c45-b3ff-f4fb37f074f0&#8243; header_font=\u00bb||||||||\u00bb header_4_font=\u00bb&#8211;et_global_body_font|500|||||||\u00bb header_4_text_color=\u00bb#FFFFFF\u00bb header_4_line_height=\u00bb1.5em\u00bb header_4_font_size_tablet=\u00bb16px\u00bb header_4_font_size_phone=\u00bb14px\u00bb header_4_font_size_last_edited=\u00bbon|desktop\u00bb locked=\u00bboff\u00bb global_colors_info=\u00bb{}\u00bb header_4_font_size__hover=\u00bb16px\u00bb header_4_font_size__hover_enabled=\u00bbon|hover\u00bb]<\/p>\n<h4 style=\"text-align: center;\">SABER M\u00c1S<\/h4>\n<p>[\/et_pb_text][\/et_pb_column][\/et_pb_row][et_pb_row column_structure=\u00bb2_5,3_5&#8243; _builder_version=\u00bb4.27.0&#8243; _module_preset=\u00bbdefault\u00bb width_tablet=\u00bb\u00bb width_phone=\u00bb95%\u00bb width_last_edited=\u00bbon|phone\u00bb custom_margin=\u00bb20px||20px||true|false\u00bb custom_padding=\u00bb20px|30px|20px|30px|false|true\u00bb border_radii=\u00bbon|2px|2px|2px|2px\u00bb border_width_all=\u00bb2px\u00bb border_color_all=\u00bb#BBBBCC\u00bb collapsed=\u00bbon\u00bb global_colors_info=\u00bb{}\u00bb][et_pb_column type=\u00bb2_5&#8243; _builder_version=\u00bb4.27.0&#8243; _module_preset=\u00bbdefault\u00bb custom_padding=\u00bb50px||||false|false\u00bb global_colors_info=\u00bb{}\u00bb][et_pb_video src=\u00bbhttps:\/\/www.youtube.com\/watch?v=H2tIYuqrPMI\u00bb _builder_version=\u00bb4.27.4&#8243; _module_preset=\u00bbdefault\u00bb border_radii=\u00bbon|3px|3px|3px|3px\u00bb border_color_all=\u00bb#BBBBCC\u00bb box_shadow_style=\u00bbpreset3&#8243; box_shadow_color=\u00bb#FFFFFF\u00bb global_colors_info=\u00bb{}\u00bb][\/et_pb_video][\/et_pb_column][et_pb_column type=\u00bb3_5&#8243; _builder_version=\u00bb4.27.0&#8243; _module_preset=\u00bbdefault\u00bb global_colors_info=\u00bb{}\u00bb][et_pb_text _builder_version=\u00bb4.27.4&#8243; _module_preset=\u00bbdefault\u00bb text_text_color=\u00bb#f7ca00&#8243; header_text_color=\u00bb#f7ca00&#8243; header_2_text_color=\u00bb#f7ca00&#8243; custom_margin=\u00bb||3px|||\u00bb global_colors_info=\u00bb{}\u00bb]<\/p>\n<h2 style=\"text-align: center;\">Premio del jurado<\/h2>\n<p>[\/et_pb_text][et_pb_text _builder_version=\u00bb4.27.4&#8243; _module_preset=\u00bbdefault\u00bb header_text_color=\u00bb#FFFFFF\u00bb header_2_text_color=\u00bb#FFFFFF\u00bb custom_margin=\u00bb||3px|||\u00bb global_colors_info=\u00bb{}\u00bb]<\/p>\n<h2 style=\"text-align: center;\">OHITURA OSASUNTSUEN BILA<\/h2>\n<p>[\/et_pb_text][et_pb_text _builder_version=\u00bb4.27.4&#8243; _module_preset=\u00bbdefault\u00bb text_text_color=\u00bb#FFFFFF\u00bb global_colors_info=\u00bb{}\u00bb]<\/p>\n<p style=\"text-align: justify;\">Analizamos nuestros h\u00e1bitos en torno al almuerzo y recopilamos informaci\u00f3n dise\u00f1ando un cuestionario que distribuimos en la comunidad educativa a trav\u00e9s de \u00abgoogle formularios\u00bb. Tras analizar los resultados, descubrimos que tanto nuestros h\u00e1bitos de desayuno como de almuerzo no eran saludables. Para cambiar esto, propusimos organizar \u00abel d\u00eda de la fruta\u00bben la escuela. Una vez a la semana les ofrecemos a los estudiantes la fruta sobrante del comedor. Para promover un almuerzo saludable y evitar que la fruta se estropee o se tire.   <\/p>\n<p>[\/et_pb_text][\/et_pb_column][\/et_pb_row][et_pb_row column_structure=\u00bb2_5,3_5&#8243; _builder_version=\u00bb4.27.0&#8243; _module_preset=\u00bbdefault\u00bb width_tablet=\u00bb\u00bb width_phone=\u00bb95%\u00bb width_last_edited=\u00bbon|phone\u00bb custom_margin=\u00bb20px||20px||true|false\u00bb custom_padding=\u00bb20px|30px|20px|30px|false|true\u00bb border_radii=\u00bbon|2px|2px|2px|2px\u00bb border_width_all=\u00bb2px\u00bb border_color_all=\u00bb#BBBBCC\u00bb collapsed=\u00bbon\u00bb global_colors_info=\u00bb{}\u00bb][et_pb_column type=\u00bb2_5&#8243; _builder_version=\u00bb4.27.0&#8243; _module_preset=\u00bbdefault\u00bb custom_padding=\u00bb50px||||false|false\u00bb global_colors_info=\u00bb{}\u00bb][et_pb_video src=\u00bbhttps:\/\/youtu.be\/QPioajkRBe0&#8243; _builder_version=\u00bb4.27.4&#8243; _module_preset=\u00bbdefault\u00bb border_radii=\u00bbon|3px|3px|3px|3px\u00bb border_color_all=\u00bb#BBBBCC\u00bb box_shadow_style=\u00bbpreset3&#8243; box_shadow_color=\u00bb#FFFFFF\u00bb global_colors_info=\u00bb{}\u00bb][\/et_pb_video][\/et_pb_column][et_pb_column type=\u00bb3_5&#8243; _builder_version=\u00bb4.27.0&#8243; _module_preset=\u00bbdefault\u00bb global_colors_info=\u00bb{}\u00bb][et_pb_text _builder_version=\u00bb4.27.4&#8243; _module_preset=\u00bbdefault\u00bb text_text_color=\u00bb#f7ca00&#8243; header_text_color=\u00bb#f7ca00&#8243; header_2_text_color=\u00bb#f7ca00&#8243; custom_margin=\u00bb||3px|||\u00bb custom_padding=\u00bb3px||0px|||\u00bb global_colors_info=\u00bb{}\u00bb]<\/p>\n<h2 style=\"text-align: center;\">Premio popular<\/h2>\n<p>[\/et_pb_text][et_pb_text _builder_version=\u00bb4.27.4&#8243; _module_preset=\u00bbdefault\u00bb header_text_color=\u00bb#FFFFFF\u00bb header_2_text_color=\u00bb#FFFFFF\u00bb custom_margin=\u00bb||3px|||\u00bb global_colors_info=\u00bb{}\u00bb]<\/p>\n<h2 style=\"text-align: center;\">GURE GOSARIA<\/h2>\n<p>[\/et_pb_text][et_pb_text _builder_version=\u00bb4.27.4&#8243; _module_preset=\u00bbdefault\u00bb text_text_color=\u00bb#FFFFFF\u00bb global_colors_info=\u00bb{}\u00bb]<\/p>\n<p style=\"text-align: justify;\"><span>Hemos realizado un diagn\u00f3stico de los h\u00e1bitos de desayuno de nuestro alumnado y de la comunidad educativa a trav\u00e9s de un cuestionario de Google.<\/span><\/p>\n<p style=\"text-align: justify;\"><span>Bas\u00e1ndonos en el diagn\u00f3stico, encaminamos una reflexi\u00f3n con el alumnado y propusieron implementar el \u201cenerg\u00edmetro\u201d. El medidor de energ\u00eda mostrar\u00e1 directamente a los alumnos y alumnas si su desayuno es saludable o no mediante tarjetas de diferentes colores con el objetivo de concienciar a toda la comunidad educativa. <\/span><\/p>\n<p style=\"text-align: justify;\"><span>Por \u00faltimo, organizaremos un peque\u00f1o concurso: los grupos que a lo largo de un mes hayan realizado desayunos \u201csaludables\u201d, ser\u00e1n premiados con pel\u00edcula y palomitas en la hora de tutor\u00eda.<\/span><\/p>\n<p style=\"text-align: justify;\"><span>Este proyecto se implementar\u00e1 en nuestro colegio el pr\u00f3ximo curso escolar.<\/span><\/p>\n<p style=\"text-align: justify;\"><span>Hemos querido resumir el proceso a trav\u00e9s de este video<\/span><\/p>\n<p>[\/et_pb_text][\/et_pb_column][\/et_pb_row][et_pb_row column_structure=\u00bb2_5,3_5&#8243; _builder_version=\u00bb4.27.0&#8243; _module_preset=\u00bbdefault\u00bb width_tablet=\u00bb\u00bb width_phone=\u00bb95%\u00bb width_last_edited=\u00bbon|phone\u00bb custom_margin=\u00bb20px||20px||true|false\u00bb custom_padding=\u00bb20px|30px|20px|30px|false|true\u00bb border_radii=\u00bbon|2px|2px|2px|2px\u00bb border_width_all=\u00bb2px\u00bb border_color_all=\u00bb#BBBBCC\u00bb collapsed=\u00bbon\u00bb global_colors_info=\u00bb{}\u00bb][et_pb_column type=\u00bb2_5&#8243; _builder_version=\u00bb4.27.0&#8243; _module_preset=\u00bbdefault\u00bb custom_padding=\u00bb50px||||false|false\u00bb global_colors_info=\u00bb{}\u00bb][et_pb_video src=\u00bbhttps:\/\/www.youtube.com\/watch?v=n-fhHYWnO2w\u00bb _builder_version=\u00bb4.27.4&#8243; _module_preset=\u00bbdefault\u00bb border_radii=\u00bbon|3px|3px|3px|3px\u00bb border_color_all=\u00bb#BBBBCC\u00bb box_shadow_style=\u00bbpreset3&#8243; box_shadow_color=\u00bb#FFFFFF\u00bb global_colors_info=\u00bb{}\u00bb][\/et_pb_video][\/et_pb_column][et_pb_column type=\u00bb3_5&#8243; _builder_version=\u00bb4.27.0&#8243; _module_preset=\u00bbdefault\u00bb global_colors_info=\u00bb{}\u00bb][et_pb_text _builder_version=\u00bb4.27.4&#8243; _module_preset=\u00bbdefault\u00bb text_text_color=\u00bb#f7ca00&#8243; header_text_color=\u00bb#f7ca00&#8243; header_2_text_color=\u00bb#f7ca00&#8243; custom_margin=\u00bb||3px|||\u00bb global_colors_info=\u00bb{}\u00bb]<\/p>\n<h2 style=\"text-align: center;\">Menci\u00f3n especial del concurso<\/h2>\n<p>[\/et_pb_text][et_pb_text _builder_version=\u00bb4.27.4&#8243; _module_preset=\u00bbdefault\u00bb header_text_color=\u00bb#FFFFFF\u00bb header_2_text_color=\u00bb#FFFFFF\u00bb custom_margin=\u00bb||3px|||\u00bb global_colors_info=\u00bb{}\u00bb]<\/p>\n<h2 style=\"text-align: center;\">GURE BASERRIA<\/h2>\n<p>[\/et_pb_text][et_pb_text _builder_version=\u00bb4.27.4&#8243; _module_preset=\u00bbdefault\u00bb text_text_color=\u00bb#FFFFFF\u00bb global_colors_info=\u00bb{}\u00bb]<\/p>\n<p style=\"text-align: justify;\">Hola, somos alumnos de 1\u00ba de la ESO y para presentar nuestro men\u00fa saludable, hemos preparado un peque\u00f1o video. En el video, aparece nuestro men\u00fa, ensalada, bacalao al pil-pil y fresas con nata precisamente. <\/p>\n<p style=\"text-align: justify;\">Los personajes participan en un concurso de cocina y tienen que recrear el famoso men\u00fa de \u201cGure Baserria\u201d. Hay dos grupos, uno sabotea el programa y mientras tanto hay algunos problemillas.  <\/p>\n<p>[\/et_pb_text][\/et_pb_column][\/et_pb_row][et_pb_row _builder_version=\u00bb4.27.4&#8243; _module_preset=\u00bbdefault\u00bb max_width=\u00bb1920px\u00bb custom_padding=\u00bb||11px|||\u00bb global_colors_info=\u00bb{}\u00bb][et_pb_column type=\u00bb4_4&#8243; _builder_version=\u00bb4.27.4&#8243; _module_preset=\u00bbdefault\u00bb global_colors_info=\u00bb{}\u00bb][et_pb_text _builder_version=\u00bb4.27.4&#8243; _module_preset=\u00bbdefault\u00bb text_text_color=\u00bb#FFFFFF\u00bb header_text_color=\u00bb#FFFFFF\u00bb header_2_text_color=\u00bb#FFFFFF\u00bb header_3_text_color=\u00bb#FFFFFF\u00bb header_3_font_size=\u00bb20px\u00bb width=\u00bb100%\u00bb global_colors_info=\u00bb{}\u00bb]<\/p>\n<p><span>Si quieres ver los v\u00eddeos de todos los participantes en la edici\u00f3n 2025, haz clic <a href=\"https:\/\/www.youtube.com\/playlist?list=PLJdggYjr1LnJ7PHy5Kazptch5taI-8NWw\" target=\"_blank\" rel=\"noopener\">AQU\u00cd<\/a><\/span><\/p>\n<p>[\/et_pb_text][\/et_pb_column][\/et_pb_row][\/et_pb_section][et_pb_section fb_built=\u00bb1&#8243; _builder_version=\u00bb4.27.0&#8243; _module_preset=\u00bbdefault\u00bb background_color=\u00bb#112B4C\u00bb z_index=\u00bb0&#8243; global_colors_info=\u00bb{}\u00bb][et_pb_row _builder_version=\u00bb4.27.0&#8243; _module_preset=\u00bbdefault\u00bb global_colors_info=\u00bb{}\u00bb][et_pb_column type=\u00bb4_4&#8243; _builder_version=\u00bb4.27.0&#8243; _module_preset=\u00bbdefault\u00bb global_colors_info=\u00bb{}\u00bb][et_pb_text _builder_version=\u00bb4.27.4&#8243; _module_preset=\u00bbdefault\u00bb text_text_color=\u00bb#BBBBCC\u00bb text_font_size=\u00bb17px\u00bb text_font_size_tablet=\u00bb17px\u00bb text_font_size_phone=\u00bb15px\u00bb text_font_size_last_edited=\u00bbon|phone\u00bb global_colors_info=\u00bb{}\u00bb]<\/p>\n<p><span>El concurso GAZTEAK ON<\/span> es un proyecto subvencionado\u00a0 por el programa de proyectos de \u201cciudadan\u00eda transfronteriza-Ideiak 2025\u201d organizado por el Departamento de Infraestructuras Viarias y Estrategia Territorial de la Diputaci\u00f3n Foral de Gipuzkoa.<\/p>\n<p>Somos tres las entidades que estamos trabajando en el \u00e1mbito de la soberan\u00eda alimentaria de la comarca del Bidasoa e impulsando este trabajo:<\/p>\n<p>[\/et_pb_text][\/et_pb_column][\/et_pb_row][et_pb_row column_structure=\u00bb1_3,1_3,1_3&#8243; make_equal=\u00bbon\u00bb _builder_version=\u00bb4.27.0&#8243; _module_preset=\u00bbdefault\u00bb custom_margin=\u00bb-25px||||false|false\u00bb custom_padding=\u00bb0px||||false|false\u00bb global_colors_info=\u00bb{}\u00bb][et_pb_column type=\u00bb1_3&#8243; _builder_version=\u00bb4.27.0&#8243; _module_preset=\u00bbdefault\u00bb global_colors_info=\u00bb{}\u00bb][et_pb_image src=\u00bbhttps:\/\/www.gazteakon.eus\/wp-content\/uploads\/2024\/10\/Logo_Labore-Txu.png\u00bb title_text=\u00bbLogo_Labore Txu\u00bb url=\u00bbhttps:\/\/laboretxingudi.eus\/\u00bb url_new_window=\u00bbon\u00bb align=\u00bbcenter\u00bb _builder_version=\u00bb4.27.0&#8243; _module_preset=\u00bbdefault\u00bb width=\u00bb200px\u00bb module_alignment=\u00bbcenter\u00bb custom_padding=\u00bb70px||||false|false\u00bb global_colors_info=\u00bb{}\u00bb][\/et_pb_image][\/et_pb_column][et_pb_column type=\u00bb1_3&#8243; _builder_version=\u00bb4.27.0&#8243; _module_preset=\u00bbdefault\u00bb global_colors_info=\u00bb{}\u00bb][et_pb_image src=\u00bbhttps:\/\/www.gazteakon.eus\/wp-content\/uploads\/2024\/09\/MaiaP-logo-txuria.png\u00bb title_text=\u00bbMa\u00efaP logo txuria\u00bb url=\u00bbhttps:\/\/maiapermaculture.com\/\u00bb url_new_window=\u00bbon\u00bb align=\u00bbcenter\u00bb _builder_version=\u00bb4.27.0&#8243; _module_preset=\u00bbdefault\u00bb width=\u00bb200px\u00bb global_colors_info=\u00bb{}\u00bb][\/et_pb_image][\/et_pb_column][et_pb_column type=\u00bb1_3&#8243; _builder_version=\u00bb4.27.0&#8243; _module_preset=\u00bbdefault\u00bb global_colors_info=\u00bb{}\u00bb][et_pb_image src=\u00bbhttps:\/\/www.gazteakon.eus\/wp-content\/uploads\/2024\/09\/Hendaia-koop-logo-2.png\u00bb title_text=\u00bbHendaia koop logo 2&#8243; url=\u00bbhttp:\/\/hendaiakoop.org\/\u00bb url_new_window=\u00bbon\u00bb align=\u00bbcenter\u00bb _builder_version=\u00bb4.27.0&#8243; _module_preset=\u00bbdefault\u00bb width=\u00bb220px\u00bb custom_padding=\u00bb40px|||||\u00bb global_colors_info=\u00bb{}\u00bb][\/et_pb_image][\/et_pb_column][\/et_pb_row][et_pb_row _builder_version=\u00bb4.27.0&#8243; _module_preset=\u00bbdefault\u00bb custom_padding=\u00bb||0px|||\u00bb global_colors_info=\u00bb{}\u00bb][et_pb_column type=\u00bb4_4&#8243; _builder_version=\u00bb4.27.0&#8243; _module_preset=\u00bbdefault\u00bb global_colors_info=\u00bb{}\u00bb][et_pb_text _builder_version=\u00bb4.27.0&#8243; _module_preset=\u00bbdefault\u00bb text_text_color=\u00bb#BBBBCC\u00bb text_font_size=\u00bb17px\u00bb text_font_size_tablet=\u00bb17px\u00bb text_font_size_phone=\u00bb15px\u00bb text_font_size_last_edited=\u00bbon|phone\u00bb global_colors_info=\u00bb{}\u00bb]<\/p>\n<p>Gracias a todos los que nos hab\u00e9is dado la oportunidad de llevar a cabo este proyecto con vuestros votos.<\/p>\n<p>[\/et_pb_text][\/et_pb_column][\/et_pb_row][\/et_pb_section]<\/p>\n","protected":false},"excerpt":{"rendered":"<p>GAZTEAK ON 2025 Los proyectos premiados en el reto 2025 fueron:INICIOPROCESODESCARGA LAS BASESEDICIONES ANTERIORESSABER M\u00c1SSABER M\u00c1SPremio del juradoOHITURA OSASUNTSUEN BILAAnalizamos nuestros h\u00e1bitos en torno al almuerzo y recopilamos informaci\u00f3n dise\u00f1ando un cuestionario que distribuimos en la comunidad educativa a trav\u00e9s de \u00abgoogle formularios\u00bb. Tras analizar los resultados, descubrimos que tanto nuestros h\u00e1bitos de desayuno como [&hellip;]<\/p>\n","protected":false},"author":2,"featured_media":0,"parent":0,"menu_order":0,"comment_status":"closed","ping_status":"closed","template":"","meta":{"_et_pb_use_builder":"on","_et_pb_old_content":"","_et_gb_content_width":"","footnotes":""},"class_list":["post-2020","page","type-page","status-publish","hentry"],"_links":{"self":[{"href":"https:\/\/www.gazteakon.eus\/es\/wp-json\/wp\/v2\/pages\/2020","targetHints":{"allow":["GET"]}}],"collection":[{"href":"https:\/\/www.gazteakon.eus\/es\/wp-json\/wp\/v2\/pages"}],"about":[{"href":"https:\/\/www.gazteakon.eus\/es\/wp-json\/wp\/v2\/types\/page"}],"author":[{"embeddable":true,"href":"https:\/\/www.gazteakon.eus\/es\/wp-json\/wp\/v2\/users\/2"}],"replies":[{"embeddable":true,"href":"https:\/\/www.gazteakon.eus\/es\/wp-json\/wp\/v2\/comments?post=2020"}],"version-history":[{"count":10,"href":"https:\/\/www.gazteakon.eus\/es\/wp-json\/wp\/v2\/pages\/2020\/revisions"}],"predecessor-version":[{"id":2421,"href":"https:\/\/www.gazteakon.eus\/es\/wp-json\/wp\/v2\/pages\/2020\/revisions\/2421"}],"wp:attachment":[{"href":"https:\/\/www.gazteakon.eus\/es\/wp-json\/wp\/v2\/media?parent=2020"}],"curies":[{"name":"wp","href":"https:\/\/api.w.org\/{rel}","templated":true}]}}